{"id":233,"date":"2021-09-16T10:04:39","date_gmt":"2021-09-16T17:04:39","guid":{"rendered":"https:\/\/demotest.aidit.ca\/?page_id=233"},"modified":"2024-04-10T14:22:29","modified_gmt":"2024-04-10T18:22:29","slug":"privacy-policy","status":"publish","type":"page","link":"https:\/\/isabellereidphysio.com\/en\/privacy-policy\/","title":{"rendered":"Privacy Policy"},"content":{"rendered":"<p><div class=\"fusion-fullwidth fullwidth-box fusion-builder-row-1 fusion-flex-container nonhundred-percent-fullwidth non-hundred-percent-height-scrolling\" style=\"background-color: rgba(255,255,255,0);background-position: center center;background-repeat: no-repeat;border-width: 0px 0px 0px 0px;border-color:#e2e2e2;border-style:solid;\" ><div class=\"fusion-builder-row fusion-row fusion-flex-align-items-flex-start\" style=\"max-width:1248px;margin-left: calc(-4% \/ 2 );margin-right: calc(-4% \/ 2 );\"><div class=\"fusion-layout-column fusion_builder_column fusion-builder-column-0 fusion_builder_column_1_1 1_1 fusion-flex-column\"><div class=\"fusion-column-wrapper fusion-flex-justify-content-flex-start fusion-content-layout-column\" style=\"background-position:left top;background-repeat:no-repeat;-webkit-background-size:cover;-moz-background-size:cover;-o-background-size:cover;background-size:cover;padding: 0px 0px 0px 0px;\"><div class=\"fusion-text fusion-text-1\"><p><b>Politique de confidentialit\u00e9<\/b><\/p>\n<p>Votre vie priv\u00e9e nous tient \u00e0 c\u0153ur. La politique d&#8217;Isabelle Reid Physioth\u00e9rapie est de respecter votre vie priv\u00e9e concernant les informations que nous pourrions collecter \u00e0 votre sujet sur notre site web, https:\/\/isabellereidphysio.com, et sur d&#8217;autres sites que nous poss\u00e9dons et exploitons.<\/p>\n<p>Nous ne demandons que les informations personnelles dont nous avons r\u00e9ellement besoin pour vous fournir un service. Nous les collectons de mani\u00e8re juste et l\u00e9gale, avec votre connaissance et votre consentement. Nous vous informons \u00e9galement de la raison pour laquelle nous les collectons et de la mani\u00e8re dont elles seront utilis\u00e9es.<\/p>\n<p>Nous ne conservons les informations collect\u00e9es que le temps n\u00e9cessaire pour vous fournir le service demand\u00e9. Les donn\u00e9es que nous stockons sont prot\u00e9g\u00e9es de mani\u00e8re commercialement acceptable pour \u00e9viter toute perte, vol, acc\u00e8s non autoris\u00e9, divulgation, copie, utilisation ou modification.<\/p>\n<p>Nous ne partageons aucune information personnellement identifiable publiquement ou avec des tiers, sauf lorsque la loi l&#8217;exige.<\/p>\n<p>Notre site web peut contenir des liens vers des sites externes qui ne sont pas exploit\u00e9s par nous. Veuillez noter que nous n&#8217;avons aucun contr\u00f4le sur le contenu et les pratiques de ces sites, et nous ne pouvons pas \u00eatre tenus responsables de leurs politiques de confidentialit\u00e9 respectives.<\/p>\n<p>Vous \u00eates libre de refuser notre demande d&#8217;informations personnelles, en comprenant que nous pourrions ne pas \u00eatre en mesure de vous fournir certains services souhait\u00e9s.<\/p>\n<p>En utilisant notre site web, vous consentez \u00e0 notre politique de confidentialit\u00e9.<\/p>\n<p><strong>Conformit\u00e9 \u00e0 la loi qu\u00e9b\u00e9coise sur la confidentialit\u00e9 (Projet de loi 25)<\/strong><\/p>\n<p>Nous nous engageons \u00e0 respecter les lois sur la confidentialit\u00e9 du Qu\u00e9bec, y compris toutes les dispositions introduites par le Projet de loi 25. Cela inclut :<\/p>\n<ul>\n<li>Assurer la transparence concernant nos pratiques de collecte et les objectifs.<\/li>\n<li>Obtenir le consentement pour la collecte, l&#8217;utilisation et la divulgation d&#8217;informations personnelles.<\/li>\n<li>Mettre en place des mesures de s\u00e9curit\u00e9 appropri\u00e9es pour prot\u00e9ger les informations personnelles.<\/li>\n<li>Ne conserver les informations personnelles que pour la dur\u00e9e n\u00e9cessaire pour atteindre les objectifs d\u00e9finis.<\/li>\n<\/ul>\n<p>Si vous avez des questions sur la mani\u00e8re dont nous traitons les donn\u00e9es utilisateur et les informations personnelles en conformit\u00e9 avec les lois sur la confidentialit\u00e9 du Qu\u00e9bec, n&#8217;h\u00e9sitez pas \u00e0 nous contacter.<\/p>\n<p>Cette politique de confidentialit\u00e9 est en vigueur depuis le 10 avril 2024 et sera mise \u00e0 jour si n\u00e9cessaire pour refl\u00e9ter tout changement dans nos pratiques de confidentialit\u00e9 ou les exigences l\u00e9gales.<\/p>\n<p><b>Conditions d&#8217;utilisation<\/b><\/p>\n<p>1. Conditions<br \/>En acc\u00e9dant au site Web \u00e0 l&#8217;adresse https:\/\/isabellereidphysio.com, vous acceptez d&#8217;\u00eatre li\u00e9 par ces conditions d&#8217;utilisation, toutes les lois et r\u00e9glementations applicables, et acceptez que vous \u00eates responsable du respect de toutes les lois locales applicables. Si vous n&#8217;\u00eates pas d&#8217;accord avec l&#8217;une de ces conditions, il vous est interdit d&#8217;utiliser ou d&#8217;acc\u00e9der \u00e0 ce site. Les \u00e9l\u00e9ments contenus dans ce site Web sont prot\u00e9g\u00e9s par les lois applicables sur le droit d&#8217;auteur et les marques de commerce.<br \/>2. Utiliser la licence<br \/>La permission est accord\u00e9e de t\u00e9l\u00e9charger temporairement une copie du mat\u00e9riel (information ou logiciel) sur le site Web de Physioth\u00e9rapie Isabelle Reid pour une visualisation transitoire personnelle et non commerciale seulement. Il s&#8217;agit de l&#8217;octroi d&#8217;une licence, et non d&#8217;un transfert de titre, et en vertu de cette licence, vous ne pouvez pas :<br \/>modifier ou copier les documents ;<br \/>utiliser le mat\u00e9riel \u00e0 des fins commerciales ou pour toute exposition publique (commerciale ou non commerciale) ;<br \/>tenter de d\u00e9compiler ou de d\u00e9sosser tout logiciel contenu sur le site Web de Physioth\u00e9rapie Isabelle Reid ;<br \/>supprimer tout droit d&#8217;auteur ou autres mentions de propri\u00e9t\u00e9 du mat\u00e9riel ; ou<br \/>transf\u00e9rer les documents \u00e0 une autre personne ou \u00ab mettre en miroir \u00bb les documents sur un autre serveur.<br \/>Cette licence prendra fin automatiquement si vous enfreignez l&#8217;une de ces restrictions et peut \u00eatre r\u00e9sili\u00e9e par Physioth\u00e9rapie Isabelle Reid \u00e0 tout moment. \u00c0 la fin de votre visionnage de ces mat\u00e9riaux ou \u00e0 la r\u00e9siliation de cette licence, vous devez d\u00e9truire tout mat\u00e9riel t\u00e9l\u00e9charg\u00e9 en votre possession, que ce soit au format \u00e9lectronique ou imprim\u00e9.<br \/>3. Avis de non-responsabilit\u00e9<br \/>Le mat\u00e9riel sur le site Web de Physioth\u00e9rapie Isabelle Reid est fourni \u00ab tel quel \u00bb. Physioth\u00e9rapie Isabelle Reid ne donne aucune garantie, expresse ou implicite, et d\u00e9cline et annule par les pr\u00e9sentes toutes les autres garanties, y compris, sans limitation, les garanties ou conditions implicites de qualit\u00e9 marchande, d&#8217;ad\u00e9quation \u00e0 un usage particulier, ou de non-violation de la propri\u00e9t\u00e9 intellectuelle ou autre violation des droits.<br \/>De plus, Physioth\u00e9rapie Isabelle Reid ne garantit ni ne fait aucune d\u00e9claration concernant l&#8217;exactitude, les r\u00e9sultats probables ou la fiabilit\u00e9 de l&#8217;utilisation du mat\u00e9riel sur son site Web ou autrement li\u00e9 \u00e0 ce mat\u00e9riel ou sur tout site li\u00e9 \u00e0 ce site.<br \/>4. Limites<br \/>En aucun cas Physioth\u00e9rapie Isabelle Reid ou ses fournisseurs ne pourront \u00eatre tenus responsables de tout dommage (y compris, sans limitation, les dommages pour perte de donn\u00e9es ou de profit, ou en raison d&#8217;une interruption d&#8217;activit\u00e9) r\u00e9sultant de l&#8217;utilisation ou de l&#8217;impossibilit\u00e9 d&#8217;utiliser le mat\u00e9riel sur Physioth\u00e9rapie Isabelle Reid site Web, m\u00eame si Physioth\u00e9rapie Isabelle Reid ou un repr\u00e9sentant autoris\u00e9 de Physioth\u00e9rapie Isabelle Reid a \u00e9t\u00e9 avis\u00e9 oralement ou par \u00e9crit de la possibilit\u00e9 de tels dommages. \u00c9tant donn\u00e9 que certaines juridictions n&#8217;autorisent pas les limitations des garanties implicites ou les limitations de responsabilit\u00e9 pour les dommages indirects ou accessoires, ces limitations peuvent ne pas s&#8217;appliquer \u00e0 vous.<br \/>5. Pr\u00e9cision des mat\u00e9riaux<br \/>Le mat\u00e9riel apparaissant sur le site Web de Physioth\u00e9rapie Isabelle Reid pourrait contenir des erreurs techniques, typographiques ou photographiques. Physioth\u00e9rapie Isabelle Reid ne garantit pas que le contenu de son site Web est exact, complet ou \u00e0 jour. Physioth\u00e9rapie Isabelle Reid peut apporter des modifications au contenu de son site Web \u00e0 tout moment et sans pr\u00e9avis. Cependant, Physioth\u00e9rapie Isabelle Reid ne prend aucun engagement de mise \u00e0 jour du mat\u00e9riel.<br \/>6. Liens<br \/>Physioth\u00e9rapie Isabelle Reid n&#8217;a pas examin\u00e9 tous les sites li\u00e9s \u00e0 son site Web et n&#8217;est pas responsable du contenu de ces sites li\u00e9s. L&#8217;inclusion de tout lien n&#8217;implique pas l&#8217;approbation par Physioth\u00e9rapie Isabelle Reid du site. L&#8217;utilisation d&#8217;un tel site Web li\u00e9 est aux risques et p\u00e9rils de l&#8217;utilisateur.<br \/>7. Modifications<br \/>Physioth\u00e9rapie Isabelle Reid peut r\u00e9viser les pr\u00e9sentes conditions d&#8217;utilisation de son site Web \u00e0 tout moment et sans pr\u00e9avis. En utilisant ce site Web, vous acceptez d&#8217;\u00eatre li\u00e9 par la version alors en vigueur de ces conditions d&#8217;utilisation.<br \/>8. Droit applicable<br \/>Ces termes et conditions sont r\u00e9gis et interpr\u00e9t\u00e9s conform\u00e9ment aux lois du Qu\u00e9bec, Canada et vous vous soumettez irr\u00e9vocablement \u00e0 la juridiction exclusive des tribunaux de cette province ou de cet endroit.<\/p>\n<\/div><\/div><style type=\"text\/css\">.fusion-body .fusion-builder-column-0{width:100% !important;margin-top : 0px;margin-bottom : 20px;}.fusion-builder-column-0 > .fusion-column-wrapper {padding-top : 0px !important;padding-right : 0px !important;margin-right : 1.92%;padding-bottom : 0px !important;padding-left : 0px !important;margin-left : 1.92%;}@media only screen and (max-width:1024px) {.fusion-body .fusion-builder-column-0{width:100% !important;order : 0;}.fusion-builder-column-0 > .fusion-column-wrapper {margin-right : 1.92%;margin-left : 1.92%;}}@media only screen and (max-width:640px) {.fusion-body .fusion-builder-column-0{width:100% !important;order : 0;}.fusion-builder-column-0 > .fusion-column-wrapper {margin-right : 1.92%;margin-left : 1.92%;}}<\/style><\/div><\/div><style type=\"text\/css\">.fusion-body .fusion-flex-container.fusion-builder-row-1{ padding-top : 0px;margin-top : 0px;padding-right : 0px;padding-bottom : 0px;margin-bottom : 0px;padding-left : 0px;}<\/style><\/div><div class=\"fusion-fullwidth fullwidth-box fusion-builder-row-2 fusion-flex-container nonhundred-percent-fullwidth non-hundred-percent-height-scrolling\" style=\"background-color: rgba(255,255,255,0);background-position: center center;background-repeat: no-repeat;border-width: 0px 0px 0px 0px;border-color:#e2e2e2;border-style:solid;\" ><div class=\"fusion-builder-row fusion-row fusion-flex-align-items-flex-start\" style=\"max-width:1248px;margin-left: calc(-4% \/ 2 );margin-right: calc(-4% \/ 2 );\"><div class=\"fusion-layout-column fusion_builder_column fusion-builder-column-1 fusion_builder_column_1_1 1_1 fusion-flex-column\"><div class=\"fusion-column-wrapper fusion-flex-justify-content-flex-start fusion-content-layout-column\" style=\"background-position:left top;background-repeat:no-repeat;-webkit-background-size:cover;-moz-background-size:cover;-o-background-size:cover;background-size:cover;padding: 0px 0px 0px 0px;\"><div ><a class=\"fusion-button button-flat fusion-button-default-size button-blue button-1 fusion-button-default-span fusion-button-default-type\" target=\"_self\" href=\"https:\/\/isabellereidphysio.com\/en\/\"><span class=\"fusion-button-text\"> Retour \u00e0 la page principale<\/span><\/a><\/div><\/div><style type=\"text\/css\">.fusion-body .fusion-builder-column-1{width:100% !important;margin-top : 0px;margin-bottom : 20px;}.fusion-builder-column-1 > .fusion-column-wrapper {padding-top : 0px !important;padding-right : 0px !important;margin-right : 1.92%;padding-bottom : 0px !important;padding-left : 0px !important;margin-left : 1.92%;}@media only screen and (max-width:1024px) {.fusion-body .fusion-builder-column-1{width:100% !important;order : 0;}.fusion-builder-column-1 > .fusion-column-wrapper {margin-right : 1.92%;margin-left : 1.92%;}}@media only screen and (max-width:640px) {.fusion-body .fusion-builder-column-1{width:100% !important;order : 0;}.fusion-builder-column-1 > .fusion-column-wrapper {margin-right : 1.92%;margin-left : 1.92%;}}<\/style><\/div><\/div><style type=\"text\/css\">.fusion-body .fusion-flex-container.fusion-builder-row-2{ padding-top : 0px;margin-top : 0px;padding-right : 0px;padding-bottom : 0px;margin-bottom : 0px;padding-left : 0px;}<\/style><\/div><\/p>","protected":false},"excerpt":{"rendered":"","protected":false},"author":1,"featured_media":0,"parent":0,"menu_order":0,"comment_status":"closed","ping_status":"closed","template":"","meta":[],"yoast_head":"<!-- This site is optimized with the Yoast SEO plugin v21.7 - https:\/\/yoast.com\/wordpress\/plugins\/seo\/ -->\n<title>Privacy Policy - Isabelle Reid<\/title>\n<meta name=\"robots\" content=\"index, follow, max-snippet:-1, max-image-preview:large, max-video-preview:-1\" \/>\n<link rel=\"canonical\" href=\"https:\/\/isabellereidphysio.com\/en\/privacy-policy\/\" \/>\n<meta property=\"og:locale\" content=\"en_US\" \/>\n<meta property=\"og:type\" content=\"article\" \/>\n<meta property=\"og:title\" content=\"Privacy Policy - Isabelle Reid\" \/>\n<meta property=\"og:url\" content=\"https:\/\/isabellereidphysio.com\/en\/privacy-policy\/\" \/>\n<meta property=\"og:site_name\" content=\"Isabelle Reid\" \/>\n<meta property=\"article:modified_time\" content=\"2024-04-10T18:22:29+00:00\" \/>\n<meta name=\"twitter:card\" content=\"summary_large_image\" \/>\n<meta name=\"twitter:label1\" content=\"Est. reading time\" \/>\n\t<meta name=\"twitter:data1\" content=\"10 minutes\" \/>\n<script type=\"application\/ld+json\" class=\"yoast-schema-graph\">{\"@context\":\"https:\/\/schema.org\",\"@graph\":[{\"@type\":\"WebPage\",\"@id\":\"https:\/\/isabellereidphysio.com\/privacy-policy\/\",\"url\":\"https:\/\/isabellereidphysio.com\/privacy-policy\/\",\"name\":\"Privacy Policy - Isabelle Reid\",\"isPartOf\":{\"@id\":\"https:\/\/isabellereidphysio.com\/#website\"},\"datePublished\":\"2021-09-16T17:04:39+00:00\",\"dateModified\":\"2024-04-10T18:22:29+00:00\",\"breadcrumb\":{\"@id\":\"https:\/\/isabellereidphysio.com\/privacy-policy\/#breadcrumb\"},\"inLanguage\":\"en-CA\",\"potentialAction\":[{\"@type\":\"ReadAction\",\"target\":[\"https:\/\/isabellereidphysio.com\/privacy-policy\/\"]}]},{\"@type\":\"BreadcrumbList\",\"@id\":\"https:\/\/isabellereidphysio.com\/privacy-policy\/#breadcrumb\",\"itemListElement\":[{\"@type\":\"ListItem\",\"position\":1,\"name\":\"Home\",\"item\":\"https:\/\/isabellereidphysio.com\/\"},{\"@type\":\"ListItem\",\"position\":2,\"name\":\"Privacy Policy\"}]},{\"@type\":\"WebSite\",\"@id\":\"https:\/\/isabellereidphysio.com\/#website\",\"url\":\"https:\/\/isabellereidphysio.com\/\",\"name\":\"Isabelle Reid\",\"description\":\"Physioth\u00e9rapie\",\"publisher\":{\"@id\":\"https:\/\/isabellereidphysio.com\/#organization\"},\"potentialAction\":[{\"@type\":\"SearchAction\",\"target\":{\"@type\":\"EntryPoint\",\"urlTemplate\":\"https:\/\/isabellereidphysio.com\/?s={search_term_string}\"},\"query-input\":\"required name=search_term_string\"}],\"inLanguage\":\"en-CA\"},{\"@type\":\"Organization\",\"@id\":\"https:\/\/isabellereidphysio.com\/#organization\",\"name\":\"Physioth\u00e9rapie Isabelle Reid\",\"url\":\"https:\/\/isabellereidphysio.com\/\",\"logo\":{\"@type\":\"ImageObject\",\"inLanguage\":\"en-CA\",\"@id\":\"https:\/\/isabellereidphysio.com\/#\/schema\/logo\/image\/\",\"url\":\"https:\/\/isabellereidphysio.com\/wp-content\/uploads\/2019\/04\/cropped-LOGO-01.png\",\"contentUrl\":\"https:\/\/isabellereidphysio.com\/wp-content\/uploads\/2019\/04\/cropped-LOGO-01.png\",\"width\":1600,\"height\":400,\"caption\":\"Physioth\u00e9rapie Isabelle Reid\"},\"image\":{\"@id\":\"https:\/\/isabellereidphysio.com\/#\/schema\/logo\/image\/\"}}]}<\/script>\n<!-- \/ Yoast SEO plugin. -->","yoast_head_json":{"title":"Privacy Policy - Isabelle Reid","robots":{"index":"index","follow":"follow","max-snippet":"max-snippet:-1","max-image-preview":"max-image-preview:large","max-video-preview":"max-video-preview:-1"},"canonical":"https:\/\/isabellereidphysio.com\/en\/privacy-policy\/","og_locale":"en_US","og_type":"article","og_title":"Privacy Policy - Isabelle Reid","og_url":"https:\/\/isabellereidphysio.com\/en\/privacy-policy\/","og_site_name":"Isabelle Reid","article_modified_time":"2024-04-10T18:22:29+00:00","twitter_card":"summary_large_image","twitter_misc":{"Est. reading time":"10 minutes"},"schema":{"@context":"https:\/\/schema.org","@graph":[{"@type":"WebPage","@id":"https:\/\/isabellereidphysio.com\/privacy-policy\/","url":"https:\/\/isabellereidphysio.com\/privacy-policy\/","name":"Privacy Policy - Isabelle Reid","isPartOf":{"@id":"https:\/\/isabellereidphysio.com\/#website"},"datePublished":"2021-09-16T17:04:39+00:00","dateModified":"2024-04-10T18:22:29+00:00","breadcrumb":{"@id":"https:\/\/isabellereidphysio.com\/privacy-policy\/#breadcrumb"},"inLanguage":"en-CA","potentialAction":[{"@type":"ReadAction","target":["https:\/\/isabellereidphysio.com\/privacy-policy\/"]}]},{"@type":"BreadcrumbList","@id":"https:\/\/isabellereidphysio.com\/privacy-policy\/#breadcrumb","itemListElement":[{"@type":"ListItem","position":1,"name":"Home","item":"https:\/\/isabellereidphysio.com\/"},{"@type":"ListItem","position":2,"name":"Privacy Policy"}]},{"@type":"WebSite","@id":"https:\/\/isabellereidphysio.com\/#website","url":"https:\/\/isabellereidphysio.com\/","name":"Isabelle Reid","description":"Physioth\u00e9rapie","publisher":{"@id":"https:\/\/isabellereidphysio.com\/#organization"},"potentialAction":[{"@type":"SearchAction","target":{"@type":"EntryPoint","urlTemplate":"https:\/\/isabellereidphysio.com\/?s={search_term_string}"},"query-input":"required name=search_term_string"}],"inLanguage":"en-CA"},{"@type":"Organization","@id":"https:\/\/isabellereidphysio.com\/#organization","name":"Physioth\u00e9rapie Isabelle Reid","url":"https:\/\/isabellereidphysio.com\/","logo":{"@type":"ImageObject","inLanguage":"en-CA","@id":"https:\/\/isabellereidphysio.com\/#\/schema\/logo\/image\/","url":"https:\/\/isabellereidphysio.com\/wp-content\/uploads\/2019\/04\/cropped-LOGO-01.png","contentUrl":"https:\/\/isabellereidphysio.com\/wp-content\/uploads\/2019\/04\/cropped-LOGO-01.png","width":1600,"height":400,"caption":"Physioth\u00e9rapie Isabelle Reid"},"image":{"@id":"https:\/\/isabellereidphysio.com\/#\/schema\/logo\/image\/"}}]}},"_links":{"self":[{"href":"https:\/\/isabellereidphysio.com\/en\/wp-json\/wp\/v2\/pages\/233"}],"collection":[{"href":"https:\/\/isabellereidphysio.com\/en\/wp-json\/wp\/v2\/pages"}],"about":[{"href":"https:\/\/isabellereidphysio.com\/en\/wp-json\/wp\/v2\/types\/page"}],"author":[{"embeddable":true,"href":"https:\/\/isabellereidphysio.com\/en\/wp-json\/wp\/v2\/users\/1"}],"replies":[{"embeddable":true,"href":"https:\/\/isabellereidphysio.com\/en\/wp-json\/wp\/v2\/comments?post=233"}],"version-history":[{"count":7,"href":"https:\/\/isabellereidphysio.com\/en\/wp-json\/wp\/v2\/pages\/233\/revisions"}],"predecessor-version":[{"id":331,"href":"https:\/\/isabellereidphysio.com\/en\/wp-json\/wp\/v2\/pages\/233\/revisions\/331"}],"wp:attachment":[{"href":"https:\/\/isabellereidphysio.com\/en\/wp-json\/wp\/v2\/media?parent=233"}],"curies":[{"name":"wp","href":"https:\/\/api.w.org\/{rel}","templated":true}]}}